{"id":231,"date":"2023-01-24T18:06:12","date_gmt":"2023-01-24T18:06:12","guid":{"rendered":"https:\/\/noelfrancon.com\/biographie\/"},"modified":"2023-06-09T12:23:35","modified_gmt":"2023-06-09T12:23:35","slug":"biographie","status":"publish","type":"page","link":"https:\/\/noelfrancon.com\/fr\/biographie\/","title":{"rendered":"Biographie"},"content":{"rendered":"<div id=\"pl-231\"  class=\"panel-layout\" ><div id=\"pg-231-0\"  class=\"panel-grid panel-has-style\" ><div style=\"padding: 0px 0; \" data-overlay=\"true\" data-overlay-color=\"#000000\" class=\"panel-row-style panel-row-style-for-231-0\" ><div id=\"pgc-231-0-0\"  class=\"panel-grid-cell\" ><div id=\"panel-231-0-0-0\" class=\"so-panel widget widget_sow-editor panel-first-child panel-last-child\" data-index=\"0\" ><div style=\"text-align: left;\" data-title-color=\"#d4af37\" data-headings-color=\"#443f3f\" class=\"panel-widget-style panel-widget-style-for-231-0-0-0\" ><div\n\t\t\t\n\t\t\tclass=\"so-widget-sow-editor so-widget-sow-editor-base\"\n\t\t\t\n\t\t><h3 class=\"widget-title\">No\u00ebl Fran\u00e7on<\/h3>\n<div class=\"siteorigin-widget-tinymce textwidget\">\n\t<p><img decoding=\"async\" loading=\"lazy\" class=\"alignleft wp-image-27\" src=\"https:\/\/noelfrancon.com\/wp-content\/uploads\/2023\/01\/High-Res-Fotofabrik_Stuttgart-160449-731x1024.jpg\" alt=\"\" width=\"400\" height=\"560\" srcset=\"https:\/\/noelfrancon.com\/wp-content\/uploads\/2023\/01\/High-Res-Fotofabrik_Stuttgart-160449-731x1024.jpg 731w, https:\/\/noelfrancon.com\/wp-content\/uploads\/2023\/01\/High-Res-Fotofabrik_Stuttgart-160449-214x300.jpg 214w, https:\/\/noelfrancon.com\/wp-content\/uploads\/2023\/01\/High-Res-Fotofabrik_Stuttgart-160449-768x1075.jpg 768w, https:\/\/noelfrancon.com\/wp-content\/uploads\/2023\/01\/High-Res-Fotofabrik_Stuttgart-160449-1097x1536.jpg 1097w, https:\/\/noelfrancon.com\/wp-content\/uploads\/2023\/01\/High-Res-Fotofabrik_Stuttgart-160449-1463x2048.jpg 1463w, https:\/\/noelfrancon.com\/wp-content\/uploads\/2023\/01\/High-Res-Fotofabrik_Stuttgart-160449-1000x1400.jpg 1000w, https:\/\/noelfrancon.com\/wp-content\/uploads\/2023\/01\/High-Res-Fotofabrik_Stuttgart-160449-230x322.jpg 230w, https:\/\/noelfrancon.com\/wp-content\/uploads\/2023\/01\/High-Res-Fotofabrik_Stuttgart-160449-350x490.jpg 350w, https:\/\/noelfrancon.com\/wp-content\/uploads\/2023\/01\/High-Res-Fotofabrik_Stuttgart-160449-480x672.jpg 480w, https:\/\/noelfrancon.com\/wp-content\/uploads\/2023\/01\/High-Res-Fotofabrik_Stuttgart-160449-scaled.jpg 1829w\" sizes=\"(max-width: 400px) 100vw, 400px\" \/><span lang=\"DE\">Je m'appelle No\u00ebl Fran\u00e7on et j'ai commenc\u00e9 ma vie d'adulte sans vraiment savoir ce que je voulais. Guid\u00e9 par mes conditionnements, j'ai fait des \u00e9tudes d'ing\u00e9nieur en \u00e9nergie et j'ai travaill\u00e9 8 ans pour un grand groupe.<\/span><\/p>\n<p><span lang=\"DE\">En 2010, j'ai eu une prise de conscience importante. Je me suis soudain pench\u00e9 sur le d\u00e9veloppement personnel et j'ai su, au fond de moi, que je n'\u00e9tais pas fait pour un job classique. Je me suis donc fix\u00e9 comme objectif de devenir financi\u00e8rement libre.<\/span><\/p>\n<p><span lang=\"DE\">Le livre \"Rich Dad Poor Dad\" de Robert Kiyosaki a chang\u00e9 ma vie et j'ai commenc\u00e9 \u00e0 investir dans l'immobilier \u00e0 c\u00f4t\u00e9 de mon activit\u00e9 professionnelle et sans apport personnel. En cours de route, j'ai rencontr\u00e9 mon associ\u00e9 Christoph, avec qui j'ai r\u00e9alis\u00e9 jusqu'\u00e0 aujourd'hui quelques investissements immobiliers rentables et nou\u00e9 une profonde amiti\u00e9.<\/span><\/p>\n<p><span lang=\"DE\">En 2017, je me suis mis \u00e0 mon compte en tant que conseiller en gestion de patrimoine et j'ai voulu accompagner les gens pour qu'ils g\u00e8rent mieux leur argent. Pendant cette p\u00e9riode, j'\u00e9tais focalis\u00e9 \u00e0 100% sur mon m\u00e9tier et j'ai n\u00e9glig\u00e9 ma vie priv\u00e9e, sociale et ma sant\u00e9 sans m'en rendre compte. M\u00eame si j'avais constitu\u00e9 une tr\u00e8s bonne \u00e9quipe et que j'avais des clients satisfaits qui me consid\u00e9raient comme comp\u00e9tent et talentueux dans mon m\u00e9tier, je me sentais vide au fond de moi.<\/span><\/p>\n<p><span lang=\"DE\">En 2019, j'ai remarqu\u00e9 que la course au \"succ\u00e8s et \u00e0 l'argent\" me fatiguait et que la recherche de plus d'argent, de succ\u00e8s et de reconnaissance ne me rendait ni plus heureux ni plus libre. Mon divorce malgr\u00e9 3 jeunes enfants a aussi \u00e9t\u00e9 une exp\u00e9rience tr\u00e8s difficile.<\/span><\/p>\n<p><span lang=\"DE\">La vie m'a fait retrouver Delphine, une vieille amie. Entre-temps, elle \u00e9tait devenue coach et \u00e9tait devenue tr\u00e8s positive, heureuse dans ses relations et, en tant qu'\u00eatre humain, aimante et exemplaire. Gr\u00e2ce \u00e0 elle, j'ai d\u00e9couvert un nouveau type de d\u00e9veloppement personnel que j'ai trouv\u00e9 beaucoup plus efficace et coh\u00e9rent. Au lieu de chercher le succ\u00e8s \u00e0 l'ext\u00e9rieur de moi (plus de revenus, plus de fortune, plus d'amis, plus de connaissances, plus de clients, plus de port\u00e9e, plus d'influence positive...), j'ai appris \u00e0 regarder en moi. J'ai appris \u00e0 m\u00e9diter et j'ai entam\u00e9 un processus de \"d\u00e9sapprentissage\". J'\u00e9tais de plus en plus conscient que des ressources illimit\u00e9es \u00e9taient en moi et qu'il suffisait de les lib\u00e9rer.<\/span><\/p>\n<p><span lang=\"DE\">Au cours de cette transformation, j'ai commenc\u00e9 \u00e0 changer mon alimentation et \u00e0 m'int\u00e9resser beaucoup plus \u00e0 la protection de l'environnement et \u00e0 la justice sociale. Je me suis de plus en plus d\u00e9sint\u00e9ress\u00e9e de mon travail. Je sentais alors que la situation et les perspectives du monde \u00e9taient catastrophiques et j'avais beaucoup de col\u00e8re et de tristesse en moi. Mes connaissances de coach financier et d'ing\u00e9nieur m'ont aid\u00e9 \u00e0 comprendre que le probl\u00e8me \u00e9tait difficilement soluble et que les \"progr\u00e8s\" de la science et de la technologie ne nous sauveraient pas non plus. Apr\u00e8s mon analyse, je suis arriv\u00e9 \u00e0 la conclusion que l'humanit\u00e9 \u00e9tait probablement confront\u00e9e \u00e0 une \u00e9norme crise \u00e9conomique, politique, sociale et environnementale. Si ce n'est sa propre destruction.<\/span><\/p>\n<p><span lang=\"DE\">En janvier 2020, j'ai eu une vision et \u00e0 nouveau l'espoir qu'un \"shift\" pourrait se produire dans la conscience des gens. Et qu'il \u00e9tait possible d'\u00e9viter la destruction de l'humanit\u00e9. A savoir si les gens apprenaient \u00e0 d\u00e9velopper leur potentiel psychique et spirituel. Cette intuition a \u00e9t\u00e9 confirm\u00e9e par la suite et j'ai trouv\u00e9 de nombreux livres et proph\u00e9ties qui vont dans ce sens. Je me suis ouvert aux sagesses anciennes et \u00e0 la m\u00e9taphysique et j'ai rencontr\u00e9 des dizaines de personnes qui pensent que cette \"nouveau monde\", \u00e9galement appel\u00e9e \"\u00e2ge d'or\", est possible \u00e0 moyen terme.<\/span><\/p>\n<p><span lang=\"DE\">Apr\u00e8s un burnout, j'ai mis fin \u00e0 mon activit\u00e9 de conseiller en gestion de patrimoine et de coach de dirigeants, j'ai pris une ann\u00e9e sabbatique et j'ai d\u00e9cid\u00e9 de liquider une partie de mon patrimoine immobilier. J'ai pris la d\u00e9cision de profiter de la vie et de passer plus de temps avec des personnes pour qui l'amour, la v\u00e9rit\u00e9 et l'ouverture sont primordiaux. Il est \u00e9galement tr\u00e8s important pour moi de contribuer \u00e0 la construction du nouveau monde. Je suis conscient que c'est avec l'ordre suivant que cela fonctionne le mieux : la priorit\u00e9 est de me d\u00e9velopper moi-m\u00eame et d\u2019incarner la joie. Et ensuite, avec les personnes que j'attire et que je rencontre, de cr\u00e9er des relations d'\u00e9gal \u00e0 \u00e9gal et de s'inspirer mutuellement.<\/span><\/p>\n<\/div>\n<\/div><\/div><\/div><\/div><\/div><\/div><\/div>","protected":false},"excerpt":{"rendered":"<p>Je m&rsquo;appelle No\u00ebl Fran\u00e7on et j&rsquo;ai commenc\u00e9 ma vie d&rsquo;adulte sans vraiment savoir ce que je voulais. Guid\u00e9 par mes conditionnements, j&rsquo;ai [&hellip;]<\/p>\n","protected":false},"author":1,"featured_media":0,"parent":0,"menu_order":0,"comment_status":"closed","ping_status":"closed","template":"page-templates\/page_fullwidth.php","meta":{"footnotes":""},"yoast_head":"<!-- This site is optimized with the Yoast SEO plugin v22.6 - https:\/\/yoast.com\/wordpress\/plugins\/seo\/ -->\n<title>Biographie - No\u00ebl Fran\u00e7on<\/title>\n<meta name=\"robots\" content=\"index, follow, max-snippet:-1, max-image-preview:large, max-video-preview:-1\" \/>\n<link rel=\"canonical\" href=\"https:\/\/noelfrancon.com\/fr\/biographie\/\" \/>\n<meta property=\"og:locale\" content=\"fr_FR\" \/>\n<meta property=\"og:type\" content=\"article\" \/>\n<meta property=\"og:title\" content=\"Biographie - No\u00ebl Fran\u00e7on\" \/>\n<meta property=\"og:description\" content=\"Je m&#039;appelle No\u00ebl Fran\u00e7on et j&#039;ai commenc\u00e9 ma vie d&#039;adulte sans vraiment savoir ce que je voulais. Guid\u00e9 par mes conditionnements, j&#039;ai [&hellip;]\" \/>\n<meta property=\"og:url\" content=\"https:\/\/noelfrancon.com\/fr\/biographie\/\" \/>\n<meta property=\"og:site_name\" content=\"No\u00ebl Fran\u00e7on\" \/>\n<meta property=\"article:modified_time\" content=\"2023-06-09T12:23:35+00:00\" \/>\n<meta name=\"twitter:card\" content=\"summary_large_image\" \/>\n<script type=\"application\/ld+json\" class=\"yoast-schema-graph\">{\"@context\":\"https:\/\/schema.org\",\"@graph\":[{\"@type\":\"WebPage\",\"@id\":\"https:\/\/noelfrancon.com\/fr\/biographie\/\",\"url\":\"https:\/\/noelfrancon.com\/fr\/biographie\/\",\"name\":\"Biographie - No\u00ebl Fran\u00e7on\",\"isPartOf\":{\"@id\":\"https:\/\/noelfrancon.com\/fr\/#website\"},\"datePublished\":\"2023-01-24T18:06:12+00:00\",\"dateModified\":\"2023-06-09T12:23:35+00:00\",\"breadcrumb\":{\"@id\":\"https:\/\/noelfrancon.com\/fr\/biographie\/#breadcrumb\"},\"inLanguage\":\"fr-FR\",\"potentialAction\":[{\"@type\":\"ReadAction\",\"target\":[\"https:\/\/noelfrancon.com\/fr\/biographie\/\"]}]},{\"@type\":\"BreadcrumbList\",\"@id\":\"https:\/\/noelfrancon.com\/fr\/biographie\/#breadcrumb\",\"itemListElement\":[{\"@type\":\"ListItem\",\"position\":1,\"name\":\"Page d'accueil\",\"item\":\"https:\/\/noelfrancon.com\/fr\/\"},{\"@type\":\"ListItem\",\"position\":2,\"name\":\"Biographie\"}]},{\"@type\":\"WebSite\",\"@id\":\"https:\/\/noelfrancon.com\/fr\/#website\",\"url\":\"https:\/\/noelfrancon.com\/fr\/\",\"name\":\"No\u00ebl Fran\u00e7on\",\"description\":\"Investisseur du nouveau monde\\n\",\"publisher\":{\"@id\":\"https:\/\/noelfrancon.com\/fr\/#\/schema\/person\/0ca549284b06159a6af611e7f614f007\"},\"potentialAction\":[{\"@type\":\"SearchAction\",\"target\":{\"@type\":\"EntryPoint\",\"urlTemplate\":\"https:\/\/noelfrancon.com\/fr\/?s={search_term_string}\"},\"query-input\":\"required name=search_term_string\"}],\"inLanguage\":\"fr-FR\"},{\"@type\":[\"Person\",\"Organization\"],\"@id\":\"https:\/\/noelfrancon.com\/fr\/#\/schema\/person\/0ca549284b06159a6af611e7f614f007\",\"name\":\"NF-Webmaster\",\"image\":{\"@type\":\"ImageObject\",\"inLanguage\":\"fr-FR\",\"@id\":\"https:\/\/noelfrancon.com\/fr\/#\/schema\/person\/image\/\",\"url\":\"https:\/\/noelfrancon.com\/wp-content\/uploads\/2023\/01\/High-Res-Fotofabrik_Stuttgart-160505-scaled.jpg\",\"contentUrl\":\"https:\/\/noelfrancon.com\/wp-content\/uploads\/2023\/01\/High-Res-Fotofabrik_Stuttgart-160505-scaled.jpg\",\"width\":1829,\"height\":2560,\"caption\":\"NF-Webmaster\"},\"logo\":{\"@id\":\"https:\/\/noelfrancon.com\/fr\/#\/schema\/person\/image\/\"},\"sameAs\":[\"https:\/\/noelfrancon.com\"]}]}<\/script>\n<!-- \/ Yoast SEO plugin. -->","yoast_head_json":{"title":"Biographie - No\u00ebl Fran\u00e7on","robots":{"index":"index","follow":"follow","max-snippet":"max-snippet:-1","max-image-preview":"max-image-preview:large","max-video-preview":"max-video-preview:-1"},"canonical":"https:\/\/noelfrancon.com\/fr\/biographie\/","og_locale":"fr_FR","og_type":"article","og_title":"Biographie - No\u00ebl Fran\u00e7on","og_description":"Je m'appelle No\u00ebl Fran\u00e7on et j'ai commenc\u00e9 ma vie d'adulte sans vraiment savoir ce que je voulais. Guid\u00e9 par mes conditionnements, j'ai [&hellip;]","og_url":"https:\/\/noelfrancon.com\/fr\/biographie\/","og_site_name":"No\u00ebl Fran\u00e7on","article_modified_time":"2023-06-09T12:23:35+00:00","twitter_card":"summary_large_image","schema":{"@context":"https:\/\/schema.org","@graph":[{"@type":"WebPage","@id":"https:\/\/noelfrancon.com\/fr\/biographie\/","url":"https:\/\/noelfrancon.com\/fr\/biographie\/","name":"Biographie - No\u00ebl Fran\u00e7on","isPartOf":{"@id":"https:\/\/noelfrancon.com\/fr\/#website"},"datePublished":"2023-01-24T18:06:12+00:00","dateModified":"2023-06-09T12:23:35+00:00","breadcrumb":{"@id":"https:\/\/noelfrancon.com\/fr\/biographie\/#breadcrumb"},"inLanguage":"fr-FR","potentialAction":[{"@type":"ReadAction","target":["https:\/\/noelfrancon.com\/fr\/biographie\/"]}]},{"@type":"BreadcrumbList","@id":"https:\/\/noelfrancon.com\/fr\/biographie\/#breadcrumb","itemListElement":[{"@type":"ListItem","position":1,"name":"Page d'accueil","item":"https:\/\/noelfrancon.com\/fr\/"},{"@type":"ListItem","position":2,"name":"Biographie"}]},{"@type":"WebSite","@id":"https:\/\/noelfrancon.com\/fr\/#website","url":"https:\/\/noelfrancon.com\/fr\/","name":"No\u00ebl Fran\u00e7on","description":"Investisseur du nouveau monde\n","publisher":{"@id":"https:\/\/noelfrancon.com\/fr\/#\/schema\/person\/0ca549284b06159a6af611e7f614f007"},"potentialAction":[{"@type":"SearchAction","target":{"@type":"EntryPoint","urlTemplate":"https:\/\/noelfrancon.com\/fr\/?s={search_term_string}"},"query-input":"required name=search_term_string"}],"inLanguage":"fr-FR"},{"@type":["Person","Organization"],"@id":"https:\/\/noelfrancon.com\/fr\/#\/schema\/person\/0ca549284b06159a6af611e7f614f007","name":"NF-Webmaster","image":{"@type":"ImageObject","inLanguage":"fr-FR","@id":"https:\/\/noelfrancon.com\/fr\/#\/schema\/person\/image\/","url":"https:\/\/noelfrancon.com\/wp-content\/uploads\/2023\/01\/High-Res-Fotofabrik_Stuttgart-160505-scaled.jpg","contentUrl":"https:\/\/noelfrancon.com\/wp-content\/uploads\/2023\/01\/High-Res-Fotofabrik_Stuttgart-160505-scaled.jpg","width":1829,"height":2560,"caption":"NF-Webmaster"},"logo":{"@id":"https:\/\/noelfrancon.com\/fr\/#\/schema\/person\/image\/"},"sameAs":["https:\/\/noelfrancon.com"]}]}},"_links":{"self":[{"href":"https:\/\/noelfrancon.com\/fr\/wp-json\/wp\/v2\/pages\/231"}],"collection":[{"href":"https:\/\/noelfrancon.com\/fr\/wp-json\/wp\/v2\/pages"}],"about":[{"href":"https:\/\/noelfrancon.com\/fr\/wp-json\/wp\/v2\/types\/page"}],"author":[{"embeddable":true,"href":"https:\/\/noelfrancon.com\/fr\/wp-json\/wp\/v2\/users\/1"}],"replies":[{"embeddable":true,"href":"https:\/\/noelfrancon.com\/fr\/wp-json\/wp\/v2\/comments?post=231"}],"version-history":[{"count":1,"href":"https:\/\/noelfrancon.com\/fr\/wp-json\/wp\/v2\/pages\/231\/revisions"}],"predecessor-version":[{"id":233,"href":"https:\/\/noelfrancon.com\/fr\/wp-json\/wp\/v2\/pages\/231\/revisions\/233"}],"wp:attachment":[{"href":"https:\/\/noelfrancon.com\/fr\/wp-json\/wp\/v2\/media?parent=231"}],"curies":[{"name":"wp","href":"https:\/\/api.w.org\/{rel}","templated":true}]}}