{"id":228,"date":"2023-03-06T07:45:20","date_gmt":"2023-03-06T07:45:20","guid":{"rendered":"https:\/\/noelfrancon.com\/limmobilier\/"},"modified":"2023-06-14T09:23:02","modified_gmt":"2023-06-14T09:23:02","slug":"limmobilier","status":"publish","type":"page","link":"https:\/\/noelfrancon.com\/fr\/limmobilier\/","title":{"rendered":"L\u2019immobilier"},"content":{"rendered":"<div id=\"pl-228\"  class=\"panel-layout\" ><div id=\"pg-228-0\"  class=\"panel-grid panel-has-style\" ><div style=\"padding: 10px 0; \" data-overlay=\"true\" data-overlay-color=\"#000000\" class=\"panel-row-style panel-row-style-for-228-0\" ><div id=\"pgc-228-0-0\"  class=\"panel-grid-cell\" ><div id=\"panel-228-0-0-0\" class=\"so-panel widget widget_sow-editor panel-first-child panel-last-child\" data-index=\"0\" ><div style=\"text-align: left;\" data-title-color=\"#d4af37\" data-headings-color=\"#d4af37\" class=\"panel-widget-style panel-widget-style-for-228-0-0-0\" ><div\n\t\t\t\n\t\t\tclass=\"so-widget-sow-editor so-widget-sow-editor-base\"\n\t\t\t\n\t\t><h3 class=\"widget-title\">L\u2019immobilier<\/h3>\n<div class=\"siteorigin-widget-tinymce textwidget\">\n\t<p><img decoding=\"async\" loading=\"lazy\" class=\"alignleft wp-image-147\" src=\"https:\/\/noelfrancon.com\/wp-content\/uploads\/2023\/03\/real-estate-gc5a26505e_1920-1024x683.jpg\" alt=\"L\u2019immobilier - Noel Francon\" width=\"490\" height=\"327\" srcset=\"https:\/\/noelfrancon.com\/wp-content\/uploads\/2023\/03\/real-estate-gc5a26505e_1920-1024x683.jpg 1024w, https:\/\/noelfrancon.com\/wp-content\/uploads\/2023\/03\/real-estate-gc5a26505e_1920-300x200.jpg 300w, https:\/\/noelfrancon.com\/wp-content\/uploads\/2023\/03\/real-estate-gc5a26505e_1920-768x512.jpg 768w, https:\/\/noelfrancon.com\/wp-content\/uploads\/2023\/03\/real-estate-gc5a26505e_1920-1536x1024.jpg 1536w, https:\/\/noelfrancon.com\/wp-content\/uploads\/2023\/03\/real-estate-gc5a26505e_1920-1000x667.jpg 1000w, https:\/\/noelfrancon.com\/wp-content\/uploads\/2023\/03\/real-estate-gc5a26505e_1920-230x153.jpg 230w, https:\/\/noelfrancon.com\/wp-content\/uploads\/2023\/03\/real-estate-gc5a26505e_1920-350x233.jpg 350w, https:\/\/noelfrancon.com\/wp-content\/uploads\/2023\/03\/real-estate-gc5a26505e_1920-480x320.jpg 480w, https:\/\/noelfrancon.com\/wp-content\/uploads\/2023\/03\/real-estate-gc5a26505e_1920-272x182.jpg 272w, https:\/\/noelfrancon.com\/wp-content\/uploads\/2023\/03\/real-estate-gc5a26505e_1920.jpg 1920w\" sizes=\"(max-width: 490px) 100vw, 490px\" \/><\/p>\n<p>&nbsp;<\/p>\n<p>L'immobilier est l'un des meilleurs investissements durables et je pense qu'il le restera.<\/p>\n<p>L'immobilier fait partie du nouveau monde, car nous nous dirigeons de plus en plus vers le fait de faire et d'avoir ce qui est essentiel: on ne peut pas facilement se passer d'un toit et d'une maison.<\/p>\n<p>&nbsp;<\/p>\n<p>&nbsp;<\/p>\n<p>&nbsp;<\/p>\n<h2>3 avantages de l'immobilier en tant qu'investissement:<\/h2>\n<ul>\n<li>La possibilit\u00e9 d'utiliser des capitaux ext\u00e9rieurs et donc de cr\u00e9er un effet de levier.<\/li>\n<li>La possibilit\u00e9 d'am\u00e9liorer et de g\u00e9rer soi-m\u00eame son investissement.<\/li>\n<li>Des avantages fiscaux, que le bien immobilier soit achet\u00e9 \u00e0 titre priv\u00e9 ou par le biais d'une soci\u00e9t\u00e9.<\/li>\n<\/ul>\n<p>\u00c9tant donn\u00e9 qu'une grande partie de la richesse mondiale r\u00e9side dans l'immobilier, il vaut la peine de conna\u00eetre le domaine et de l'int\u00e9grer dans sa strat\u00e9gie globale d'investissement et de gestion de patrimoine.<\/p>\n<p>Pour ce faire, il existe 2 possibilit\u00e9s d'investir directement dans l'immobilier.<\/p>\n<h3><b>Investissement en tant que maison \u00e0 usage personnel <\/b><\/h3>\n<p>Notre maison est le centre de notre vie et nous passons beaucoup de temps entre nos quatre murs et dans notre jardin. C'est l'endroit o\u00f9 nous nous ressour\u00e7ons, \u00e9levons nos enfants, recevons nos amis et m\u00eame travaillons parfois. Cr\u00e9er une maison belle et confortable nous procure de l'\u00e9nergie. \u00catre propri\u00e9taire permet une plus grande marge de man\u0153uvre et un sentiment d'ind\u00e9pendance. Il est \u00e9galement statistiquement prouv\u00e9 que la propri\u00e9t\u00e9 d'un logement a tendance \u00e0 apporter plus de richesse et de satisfaction \u00e0 long terme que le fait de rester locataire.<\/p>\n<h3><b>Investissement en tant que bien immobilier destin\u00e9 \u00e0 la location<\/b><\/h3>\n<p>Certaines personnes recherchent un peu plus de flexibilit\u00e9 dans leur phase de vie ou peuvent \/ veulent mobiliser moins de capital. Avec une bonne strat\u00e9gie, une bonne gestion des liquidit\u00e9s et une bonne structure de financement, cela peut \u00eatre un moyen tr\u00e8s rentable de se constituer un patrimoine et de cr\u00e9er des revenus (semi-)passifs.<\/p>\n<p>La question de savoir s'il vaut mieux louer ou d'acheter pour toi n'est pas seulement d\u00e9termin\u00e9e par la consid\u00e9ration des chiffres, mais aussi par des crit\u00e8res tels que la flexibilit\u00e9, le temps, les connaissances et les comp\u00e9tences en mati\u00e8re de r\u00e9novation, la connaissance d'investissements alternatifs, le go\u00fbt pour le travail manuel ou non....<\/p>\n<\/div>\n<\/div><\/div><\/div><\/div><\/div><\/div><\/div>","protected":false},"excerpt":{"rendered":"<p>&nbsp; L&rsquo;immobilier est l&rsquo;un des meilleurs investissements durables et je pense qu&rsquo;il le restera. L&rsquo;immobilier fait partie du nouveau monde, car nous [&hellip;]<\/p>\n","protected":false},"author":1,"featured_media":0,"parent":0,"menu_order":0,"comment_status":"closed","ping_status":"closed","template":"page-templates\/page_fullwidth.php","meta":{"footnotes":""},"yoast_head":"<!-- This site is optimized with the Yoast SEO plugin v22.6 - https:\/\/yoast.com\/wordpress\/plugins\/seo\/ -->\n<title>L\u2019immobilier - No\u00ebl Fran\u00e7on<\/title>\n<meta name=\"robots\" content=\"index, follow, max-snippet:-1, max-image-preview:large, max-video-preview:-1\" \/>\n<link rel=\"canonical\" href=\"https:\/\/noelfrancon.com\/fr\/limmobilier\/\" \/>\n<meta property=\"og:locale\" content=\"fr_FR\" \/>\n<meta property=\"og:type\" content=\"article\" \/>\n<meta property=\"og:title\" content=\"L\u2019immobilier - No\u00ebl Fran\u00e7on\" \/>\n<meta property=\"og:description\" content=\"&nbsp; L&#039;immobilier est l&#039;un des meilleurs investissements durables et je pense qu&#039;il le restera. L&#039;immobilier fait partie du nouveau monde, car nous [&hellip;]\" \/>\n<meta property=\"og:url\" content=\"https:\/\/noelfrancon.com\/fr\/limmobilier\/\" \/>\n<meta property=\"og:site_name\" content=\"No\u00ebl Fran\u00e7on\" \/>\n<meta property=\"article:modified_time\" content=\"2023-06-14T09:23:02+00:00\" \/>\n<meta name=\"twitter:card\" content=\"summary_large_image\" \/>\n<script type=\"application\/ld+json\" class=\"yoast-schema-graph\">{\"@context\":\"https:\/\/schema.org\",\"@graph\":[{\"@type\":\"WebPage\",\"@id\":\"https:\/\/noelfrancon.com\/fr\/limmobilier\/\",\"url\":\"https:\/\/noelfrancon.com\/fr\/limmobilier\/\",\"name\":\"L\u2019immobilier - No\u00ebl Fran\u00e7on\",\"isPartOf\":{\"@id\":\"https:\/\/noelfrancon.com\/fr\/#website\"},\"datePublished\":\"2023-03-06T07:45:20+00:00\",\"dateModified\":\"2023-06-14T09:23:02+00:00\",\"breadcrumb\":{\"@id\":\"https:\/\/noelfrancon.com\/fr\/limmobilier\/#breadcrumb\"},\"inLanguage\":\"fr-FR\",\"potentialAction\":[{\"@type\":\"ReadAction\",\"target\":[\"https:\/\/noelfrancon.com\/fr\/limmobilier\/\"]}]},{\"@type\":\"BreadcrumbList\",\"@id\":\"https:\/\/noelfrancon.com\/fr\/limmobilier\/#breadcrumb\",\"itemListElement\":[{\"@type\":\"ListItem\",\"position\":1,\"name\":\"Page d'accueil\",\"item\":\"https:\/\/noelfrancon.com\/fr\/\"},{\"@type\":\"ListItem\",\"position\":2,\"name\":\"L\u2019immobilier\"}]},{\"@type\":\"WebSite\",\"@id\":\"https:\/\/noelfrancon.com\/fr\/#website\",\"url\":\"https:\/\/noelfrancon.com\/fr\/\",\"name\":\"No\u00ebl Fran\u00e7on\",\"description\":\"Investisseur du nouveau monde\\n\",\"publisher\":{\"@id\":\"https:\/\/noelfrancon.com\/fr\/#\/schema\/person\/0ca549284b06159a6af611e7f614f007\"},\"potentialAction\":[{\"@type\":\"SearchAction\",\"target\":{\"@type\":\"EntryPoint\",\"urlTemplate\":\"https:\/\/noelfrancon.com\/fr\/?s={search_term_string}\"},\"query-input\":\"required name=search_term_string\"}],\"inLanguage\":\"fr-FR\"},{\"@type\":[\"Person\",\"Organization\"],\"@id\":\"https:\/\/noelfrancon.com\/fr\/#\/schema\/person\/0ca549284b06159a6af611e7f614f007\",\"name\":\"NF-Webmaster\",\"image\":{\"@type\":\"ImageObject\",\"inLanguage\":\"fr-FR\",\"@id\":\"https:\/\/noelfrancon.com\/fr\/#\/schema\/person\/image\/\",\"url\":\"https:\/\/noelfrancon.com\/wp-content\/uploads\/2023\/01\/High-Res-Fotofabrik_Stuttgart-160505-scaled.jpg\",\"contentUrl\":\"https:\/\/noelfrancon.com\/wp-content\/uploads\/2023\/01\/High-Res-Fotofabrik_Stuttgart-160505-scaled.jpg\",\"width\":1829,\"height\":2560,\"caption\":\"NF-Webmaster\"},\"logo\":{\"@id\":\"https:\/\/noelfrancon.com\/fr\/#\/schema\/person\/image\/\"},\"sameAs\":[\"https:\/\/noelfrancon.com\"]}]}<\/script>\n<!-- \/ Yoast SEO plugin. -->","yoast_head_json":{"title":"L\u2019immobilier - No\u00ebl Fran\u00e7on","robots":{"index":"index","follow":"follow","max-snippet":"max-snippet:-1","max-image-preview":"max-image-preview:large","max-video-preview":"max-video-preview:-1"},"canonical":"https:\/\/noelfrancon.com\/fr\/limmobilier\/","og_locale":"fr_FR","og_type":"article","og_title":"L\u2019immobilier - No\u00ebl Fran\u00e7on","og_description":"&nbsp; L'immobilier est l'un des meilleurs investissements durables et je pense qu'il le restera. L'immobilier fait partie du nouveau monde, car nous [&hellip;]","og_url":"https:\/\/noelfrancon.com\/fr\/limmobilier\/","og_site_name":"No\u00ebl Fran\u00e7on","article_modified_time":"2023-06-14T09:23:02+00:00","twitter_card":"summary_large_image","schema":{"@context":"https:\/\/schema.org","@graph":[{"@type":"WebPage","@id":"https:\/\/noelfrancon.com\/fr\/limmobilier\/","url":"https:\/\/noelfrancon.com\/fr\/limmobilier\/","name":"L\u2019immobilier - No\u00ebl Fran\u00e7on","isPartOf":{"@id":"https:\/\/noelfrancon.com\/fr\/#website"},"datePublished":"2023-03-06T07:45:20+00:00","dateModified":"2023-06-14T09:23:02+00:00","breadcrumb":{"@id":"https:\/\/noelfrancon.com\/fr\/limmobilier\/#breadcrumb"},"inLanguage":"fr-FR","potentialAction":[{"@type":"ReadAction","target":["https:\/\/noelfrancon.com\/fr\/limmobilier\/"]}]},{"@type":"BreadcrumbList","@id":"https:\/\/noelfrancon.com\/fr\/limmobilier\/#breadcrumb","itemListElement":[{"@type":"ListItem","position":1,"name":"Page d'accueil","item":"https:\/\/noelfrancon.com\/fr\/"},{"@type":"ListItem","position":2,"name":"L\u2019immobilier"}]},{"@type":"WebSite","@id":"https:\/\/noelfrancon.com\/fr\/#website","url":"https:\/\/noelfrancon.com\/fr\/","name":"No\u00ebl Fran\u00e7on","description":"Investisseur du nouveau monde\n","publisher":{"@id":"https:\/\/noelfrancon.com\/fr\/#\/schema\/person\/0ca549284b06159a6af611e7f614f007"},"potentialAction":[{"@type":"SearchAction","target":{"@type":"EntryPoint","urlTemplate":"https:\/\/noelfrancon.com\/fr\/?s={search_term_string}"},"query-input":"required name=search_term_string"}],"inLanguage":"fr-FR"},{"@type":["Person","Organization"],"@id":"https:\/\/noelfrancon.com\/fr\/#\/schema\/person\/0ca549284b06159a6af611e7f614f007","name":"NF-Webmaster","image":{"@type":"ImageObject","inLanguage":"fr-FR","@id":"https:\/\/noelfrancon.com\/fr\/#\/schema\/person\/image\/","url":"https:\/\/noelfrancon.com\/wp-content\/uploads\/2023\/01\/High-Res-Fotofabrik_Stuttgart-160505-scaled.jpg","contentUrl":"https:\/\/noelfrancon.com\/wp-content\/uploads\/2023\/01\/High-Res-Fotofabrik_Stuttgart-160505-scaled.jpg","width":1829,"height":2560,"caption":"NF-Webmaster"},"logo":{"@id":"https:\/\/noelfrancon.com\/fr\/#\/schema\/person\/image\/"},"sameAs":["https:\/\/noelfrancon.com"]}]}},"_links":{"self":[{"href":"https:\/\/noelfrancon.com\/fr\/wp-json\/wp\/v2\/pages\/228"}],"collection":[{"href":"https:\/\/noelfrancon.com\/fr\/wp-json\/wp\/v2\/pages"}],"about":[{"href":"https:\/\/noelfrancon.com\/fr\/wp-json\/wp\/v2\/types\/page"}],"author":[{"embeddable":true,"href":"https:\/\/noelfrancon.com\/fr\/wp-json\/wp\/v2\/users\/1"}],"replies":[{"embeddable":true,"href":"https:\/\/noelfrancon.com\/fr\/wp-json\/wp\/v2\/comments?post=228"}],"version-history":[{"count":1,"href":"https:\/\/noelfrancon.com\/fr\/wp-json\/wp\/v2\/pages\/228\/revisions"}],"predecessor-version":[{"id":249,"href":"https:\/\/noelfrancon.com\/fr\/wp-json\/wp\/v2\/pages\/228\/revisions\/249"}],"wp:attachment":[{"href":"https:\/\/noelfrancon.com\/fr\/wp-json\/wp\/v2\/media?parent=228"}],"curies":[{"name":"wp","href":"https:\/\/api.w.org\/{rel}","templated":true}]}}