{"id":226,"date":"2023-02-25T15:48:49","date_gmt":"2023-02-25T15:48:49","guid":{"rendered":"https:\/\/noelfrancon.com\/largent-heureux\/"},"modified":"2023-06-14T09:16:14","modified_gmt":"2023-06-14T09:16:14","slug":"largent-heureux","status":"publish","type":"page","link":"https:\/\/noelfrancon.com\/fr\/largent-heureux\/","title":{"rendered":"L&rsquo;argent heureux"},"content":{"rendered":"<div id=\"pl-226\"  class=\"panel-layout\" ><div id=\"pg-226-0\"  class=\"panel-grid panel-has-style\" ><div style=\"padding: 20px 0; \" data-overlay=\"true\" data-overlay-color=\"#000000\" class=\"panel-row-style panel-row-style-for-226-0\" ><div id=\"pgc-226-0-0\"  class=\"panel-grid-cell\" ><div id=\"panel-226-0-0-0\" class=\"so-panel widget widget_sow-editor panel-first-child panel-last-child\" data-index=\"0\" ><div style=\"text-align: left;\" data-title-color=\"#d4af37\" data-headings-color=\"#d4af37\" class=\"panel-widget-style panel-widget-style-for-226-0-0-0\" ><div\n\t\t\t\n\t\t\tclass=\"so-widget-sow-editor so-widget-sow-editor-base\"\n\t\t\t\n\t\t><h3 class=\"widget-title\">L'argent heureux<\/h3>\n<div class=\"siteorigin-widget-tinymce textwidget\">\n\t<p><img decoding=\"async\" loading=\"lazy\" class=\"aligncenter wp-image-39 size-large\" src=\"https:\/\/noelfrancon.com\/wp-content\/uploads\/2023\/01\/environmental-protection-g31775fbb7_1920-1024x724.jpg\" alt=\"\" width=\"1024\" height=\"724\" srcset=\"https:\/\/noelfrancon.com\/wp-content\/uploads\/2023\/01\/environmental-protection-g31775fbb7_1920-1024x724.jpg 1024w, https:\/\/noelfrancon.com\/wp-content\/uploads\/2023\/01\/environmental-protection-g31775fbb7_1920-300x212.jpg 300w, https:\/\/noelfrancon.com\/wp-content\/uploads\/2023\/01\/environmental-protection-g31775fbb7_1920-768x543.jpg 768w, https:\/\/noelfrancon.com\/wp-content\/uploads\/2023\/01\/environmental-protection-g31775fbb7_1920-1536x1086.jpg 1536w, https:\/\/noelfrancon.com\/wp-content\/uploads\/2023\/01\/environmental-protection-g31775fbb7_1920-1000x707.jpg 1000w, https:\/\/noelfrancon.com\/wp-content\/uploads\/2023\/01\/environmental-protection-g31775fbb7_1920-230x163.jpg 230w, https:\/\/noelfrancon.com\/wp-content\/uploads\/2023\/01\/environmental-protection-g31775fbb7_1920-350x247.jpg 350w, https:\/\/noelfrancon.com\/wp-content\/uploads\/2023\/01\/environmental-protection-g31775fbb7_1920-480x339.jpg 480w, https:\/\/noelfrancon.com\/wp-content\/uploads\/2023\/01\/environmental-protection-g31775fbb7_1920.jpg 1920w\" sizes=\"(max-width: 1024px) 100vw, 1024px\" \/><\/p>\n<p>Dans le syst\u00e8me \u00e9conomique actuel, il est pratiquement impossible de satisfaire ses besoins fondamentaux sans argent. De nombreuses personnes sont fortement limit\u00e9es dans leur processus d'\u00e9veil et l'une des raisons principales est: le manque d'argent, ou la peur de manquer d'argent dans le futur. Elles se sentent contraintes d'exercer une activit\u00e9 professionnelle pour pouvoir assurer leur existence. Elles s\u00e9parent leur vie professionnelle, leur vie sociale et leur vie spirituelle.<\/p>\n<p>Puis vient le paradoxe: bien que l'argent ne soit soi-disant pas important pour eux, ils \u00e9changent contre de l'argent ce qu'ils ont de plus pr\u00e9cieux: Leur temps et parfois m\u00eame leur sant\u00e9.<\/p>\n<p>M\u00eame s'il est encore possible de trouver un \u00e9quilibre: Ils perdent beaucoup d'\u00e9nergie et finissent par se sentir vides, avec l'impression que leur travail et leur environnement les \"vident de leur \u00e2me\".<\/p>\n<p>Lorsque certains osent se lancer dans l'entrepreneuriat, ils sont confront\u00e9s \u00e0 d'autres d\u00e9fis, comme la diversit\u00e9 de la t\u00e2che. Ils apprennent le marketing, la vente, le droit, la gestion du personnel, le self management, la digitalisation ... . Lorsque le premier succ\u00e8s professionnel arrive, l'attrait est l\u00e0, mais s'ils ne se perdent pas dans la \"qu\u00e8te d argent et de pouvoir\", le \"succ\u00e8s\" est de courte dur\u00e9e: ils s'\u00e9puisent et remarquent un jour que la nouvelles \"cage de rat\" qu'ils se sont construite ne les satisfait pas vraiment.<\/p>\n<p>Ils se heurtent alors au d\u00e9fi suivant: plus de joie, attirer les bons clients, mieux automatiser et d\u00e9l\u00e9guer les taches, plus de temps libre pour la sant\u00e9 physique et mentale.<\/p>\n<p>Mais comme un \u00e9veil spirituel se produit dans la d\u00e9c\u00e9l\u00e9ration qui en r\u00e9sulte (dans le meilleur des cas apr\u00e8s un burn-out \/ une d\u00e9pression): Ils voient soudain la r\u00e9alit\u00e9 sous un autre angle. Ils se rendent compte que les fondements et la fr\u00e9quence vibratoire de leur ancien mod\u00e8le d'entreprise ne sont plus adapt\u00e9s \u00e0 leur nouvelle personnalit\u00e9.<\/p>\n<p>Dans ce cas, il vaut la peine de faire demi-tour, de \"l\u00e2cher\" l'ancien et de consid\u00e9rer le chemin parcouru comme un apprentissage de la vie. Tout ne se perd pas: celui qui fait confiance \u00e0 la guidance divine sait que nous faisons toutes les exp\u00e9riences pour une raison pr\u00e9cise. Se posent alors les questions suivantes<\/p>\n<p>Comment puis-je maintenant prendre un tournant et me r\u00e9orienter professionnellement de mani\u00e8re \u00e0 ce que: La joie, la l\u00e9g\u00e8ret\u00e9, le sens et l'argent heureux se manifestent?<\/p>\n<p>Comment puis-je g\u00e9rer au mieux les biens que j'ai d\u00e9j\u00e0 constitu\u00e9s pour qu'ils me soutiennent dans la direction de la libert\u00e9 int\u00e9rieure?<\/p>\n<p><strong>d\u00e9finition des termes:<\/strong><\/p>\n<p>J'aimerais ici expliquer bri\u00e8vement ce que j'entends par les termes suivants.<\/p>\n<\/div>\n<\/div><\/div><\/div><\/div><\/div><\/div><div id=\"pg-226-1\"  class=\"panel-grid panel-has-style\" ><div class=\"siteorigin-panels-stretch panel-row-style panel-row-style-for-226-1\" style=\"background-image: url(https:\/\/noelfrancon.com\/wp-content\/uploads\/2023\/01\/nature-reserve-g0cccb578d_1920.jpg);padding: 0px 0; \" data-stretch-type=\"full\" data-hasbg=\"hasbg\" data-overlay-color=\"#000000\" ><div id=\"pgc-226-1-0\"  class=\"panel-grid-cell\" ><div id=\"panel-226-1-0-0\" class=\"so-panel widget widget_sow-editor panel-first-child panel-last-child\" data-index=\"1\" ><div style=\"text-align: center;\" data-title-color=\"#d4af37\" data-headings-color=\"#d4af37\" class=\"panel-widget-style panel-widget-style-for-226-1-0-0\" ><div\n\t\t\t\n\t\t\tclass=\"so-widget-sow-editor so-widget-sow-editor-base\"\n\t\t\t\n\t\t><h3 class=\"widget-title\">L'argent heureux<\/h3>\n<div class=\"siteorigin-widget-tinymce textwidget\">\n\t<p>De l'argent gagn\u00e9 avec JOIE et LEG\u00c8RET\u00c9, issu d'une activit\u00e9 que le payeur et le b\u00e9n\u00e9ficiaire consid\u00e8rent comme ayant apport\u00e9 VALEUR-AJOUT\u00c9.<\/p>\n<p>&nbsp;<\/p>\n<\/div>\n<\/div><\/div><\/div><\/div><div id=\"pgc-226-1-1\"  class=\"panel-grid-cell\" ><div id=\"panel-226-1-1-0\" class=\"so-panel widget widget_sow-editor panel-first-child panel-last-child\" data-index=\"2\" ><div style=\"text-align: center;\" data-title-color=\"#d4af37\" data-headings-color=\"#d4af37\" class=\"panel-widget-style panel-widget-style-for-226-1-1-0\" ><div\n\t\t\t\n\t\t\tclass=\"so-widget-sow-editor so-widget-sow-editor-base\"\n\t\t\t\n\t\t><h3 class=\"widget-title\">Le nouveau monde<\/h3>\n<div class=\"siteorigin-widget-tinymce textwidget\">\n\t<p>L'\u00e9poque o\u00f9 l'humanit\u00e9 vit dans la perfection et la paix, consciente et connect\u00e9e \u00e0 son essence divine et en SYMBIOSE avec la nature et tous les \u00eatres vivants.<\/p>\n<p>&nbsp;<\/p>\n<\/div>\n<\/div><\/div><\/div><\/div><div id=\"pgc-226-1-2\"  class=\"panel-grid-cell\" ><div id=\"panel-226-1-2-0\" class=\"so-panel widget widget_sow-editor panel-first-child panel-last-child\" data-index=\"3\" ><div style=\"text-align: center;\" data-title-color=\"#d4af37\" data-headings-color=\"#d4af37\" class=\"panel-widget-style panel-widget-style-for-226-1-2-0\" ><div\n\t\t\t\n\t\t\tclass=\"so-widget-sow-editor so-widget-sow-editor-base\"\n\t\t\t\n\t\t><h3 class=\"widget-title\">L'argent 5D<\/h3>\n<div class=\"siteorigin-widget-tinymce textwidget\">\n\t<p>L'argent dont les d\u00e9tenteurs, les mandataires et les b\u00e9n\u00e9ficiaires directs et indirects agissent dans l'amour, l'int\u00e9r\u00eat collectif et travaillent constamment \u00e0 leur d\u00e9veloppement intellectuel et spirituel.<\/p>\n<\/div>\n<\/div><\/div><\/div><\/div><\/div><\/div><\/div>","protected":false},"excerpt":{"rendered":"<p>Dans le syst\u00e8me \u00e9conomique actuel, il est pratiquement impossible de satisfaire ses besoins fondamentaux sans argent. De nombreuses personnes sont fortement limit\u00e9es [&hellip;]<\/p>\n","protected":false},"author":1,"featured_media":0,"parent":0,"menu_order":0,"comment_status":"closed","ping_status":"closed","template":"page-templates\/page_fullwidth.php","meta":{"footnotes":""},"yoast_head":"<!-- This site is optimized with the Yoast SEO plugin v22.6 - https:\/\/yoast.com\/wordpress\/plugins\/seo\/ -->\n<title>L&#039;argent heureux - No\u00ebl Fran\u00e7on<\/title>\n<meta name=\"robots\" content=\"index, follow, max-snippet:-1, max-image-preview:large, max-video-preview:-1\" \/>\n<link rel=\"canonical\" href=\"https:\/\/noelfrancon.com\/fr\/largent-heureux\/\" \/>\n<meta property=\"og:locale\" content=\"fr_FR\" \/>\n<meta property=\"og:type\" content=\"article\" \/>\n<meta property=\"og:title\" content=\"L&#039;argent heureux - No\u00ebl Fran\u00e7on\" \/>\n<meta property=\"og:description\" content=\"Dans le syst\u00e8me \u00e9conomique actuel, il est pratiquement impossible de satisfaire ses besoins fondamentaux sans argent. De nombreuses personnes sont fortement limit\u00e9es [&hellip;]\" \/>\n<meta property=\"og:url\" content=\"https:\/\/noelfrancon.com\/fr\/largent-heureux\/\" \/>\n<meta property=\"og:site_name\" content=\"No\u00ebl Fran\u00e7on\" \/>\n<meta property=\"article:modified_time\" content=\"2023-06-14T09:16:14+00:00\" \/>\n<meta name=\"twitter:card\" content=\"summary_large_image\" \/>\n<script type=\"application\/ld+json\" class=\"yoast-schema-graph\">{\"@context\":\"https:\/\/schema.org\",\"@graph\":[{\"@type\":\"WebPage\",\"@id\":\"https:\/\/noelfrancon.com\/fr\/largent-heureux\/\",\"url\":\"https:\/\/noelfrancon.com\/fr\/largent-heureux\/\",\"name\":\"L'argent heureux - No\u00ebl Fran\u00e7on\",\"isPartOf\":{\"@id\":\"https:\/\/noelfrancon.com\/fr\/#website\"},\"datePublished\":\"2023-02-25T15:48:49+00:00\",\"dateModified\":\"2023-06-14T09:16:14+00:00\",\"breadcrumb\":{\"@id\":\"https:\/\/noelfrancon.com\/fr\/largent-heureux\/#breadcrumb\"},\"inLanguage\":\"fr-FR\",\"potentialAction\":[{\"@type\":\"ReadAction\",\"target\":[\"https:\/\/noelfrancon.com\/fr\/largent-heureux\/\"]}]},{\"@type\":\"BreadcrumbList\",\"@id\":\"https:\/\/noelfrancon.com\/fr\/largent-heureux\/#breadcrumb\",\"itemListElement\":[{\"@type\":\"ListItem\",\"position\":1,\"name\":\"Page d'accueil\",\"item\":\"https:\/\/noelfrancon.com\/fr\/\"},{\"@type\":\"ListItem\",\"position\":2,\"name\":\"L&rsquo;argent heureux\"}]},{\"@type\":\"WebSite\",\"@id\":\"https:\/\/noelfrancon.com\/fr\/#website\",\"url\":\"https:\/\/noelfrancon.com\/fr\/\",\"name\":\"No\u00ebl Fran\u00e7on\",\"description\":\"Investisseur du nouveau monde\\n\",\"publisher\":{\"@id\":\"https:\/\/noelfrancon.com\/fr\/#\/schema\/person\/0ca549284b06159a6af611e7f614f007\"},\"potentialAction\":[{\"@type\":\"SearchAction\",\"target\":{\"@type\":\"EntryPoint\",\"urlTemplate\":\"https:\/\/noelfrancon.com\/fr\/?s={search_term_string}\"},\"query-input\":\"required name=search_term_string\"}],\"inLanguage\":\"fr-FR\"},{\"@type\":[\"Person\",\"Organization\"],\"@id\":\"https:\/\/noelfrancon.com\/fr\/#\/schema\/person\/0ca549284b06159a6af611e7f614f007\",\"name\":\"NF-Webmaster\",\"image\":{\"@type\":\"ImageObject\",\"inLanguage\":\"fr-FR\",\"@id\":\"https:\/\/noelfrancon.com\/fr\/#\/schema\/person\/image\/\",\"url\":\"https:\/\/noelfrancon.com\/wp-content\/uploads\/2023\/01\/High-Res-Fotofabrik_Stuttgart-160505-scaled.jpg\",\"contentUrl\":\"https:\/\/noelfrancon.com\/wp-content\/uploads\/2023\/01\/High-Res-Fotofabrik_Stuttgart-160505-scaled.jpg\",\"width\":1829,\"height\":2560,\"caption\":\"NF-Webmaster\"},\"logo\":{\"@id\":\"https:\/\/noelfrancon.com\/fr\/#\/schema\/person\/image\/\"},\"sameAs\":[\"https:\/\/noelfrancon.com\"]}]}<\/script>\n<!-- \/ Yoast SEO plugin. -->","yoast_head_json":{"title":"L'argent heureux - No\u00ebl Fran\u00e7on","robots":{"index":"index","follow":"follow","max-snippet":"max-snippet:-1","max-image-preview":"max-image-preview:large","max-video-preview":"max-video-preview:-1"},"canonical":"https:\/\/noelfrancon.com\/fr\/largent-heureux\/","og_locale":"fr_FR","og_type":"article","og_title":"L'argent heureux - No\u00ebl Fran\u00e7on","og_description":"Dans le syst\u00e8me \u00e9conomique actuel, il est pratiquement impossible de satisfaire ses besoins fondamentaux sans argent. De nombreuses personnes sont fortement limit\u00e9es [&hellip;]","og_url":"https:\/\/noelfrancon.com\/fr\/largent-heureux\/","og_site_name":"No\u00ebl Fran\u00e7on","article_modified_time":"2023-06-14T09:16:14+00:00","twitter_card":"summary_large_image","schema":{"@context":"https:\/\/schema.org","@graph":[{"@type":"WebPage","@id":"https:\/\/noelfrancon.com\/fr\/largent-heureux\/","url":"https:\/\/noelfrancon.com\/fr\/largent-heureux\/","name":"L'argent heureux - No\u00ebl Fran\u00e7on","isPartOf":{"@id":"https:\/\/noelfrancon.com\/fr\/#website"},"datePublished":"2023-02-25T15:48:49+00:00","dateModified":"2023-06-14T09:16:14+00:00","breadcrumb":{"@id":"https:\/\/noelfrancon.com\/fr\/largent-heureux\/#breadcrumb"},"inLanguage":"fr-FR","potentialAction":[{"@type":"ReadAction","target":["https:\/\/noelfrancon.com\/fr\/largent-heureux\/"]}]},{"@type":"BreadcrumbList","@id":"https:\/\/noelfrancon.com\/fr\/largent-heureux\/#breadcrumb","itemListElement":[{"@type":"ListItem","position":1,"name":"Page d'accueil","item":"https:\/\/noelfrancon.com\/fr\/"},{"@type":"ListItem","position":2,"name":"L&rsquo;argent heureux"}]},{"@type":"WebSite","@id":"https:\/\/noelfrancon.com\/fr\/#website","url":"https:\/\/noelfrancon.com\/fr\/","name":"No\u00ebl Fran\u00e7on","description":"Investisseur du nouveau monde\n","publisher":{"@id":"https:\/\/noelfrancon.com\/fr\/#\/schema\/person\/0ca549284b06159a6af611e7f614f007"},"potentialAction":[{"@type":"SearchAction","target":{"@type":"EntryPoint","urlTemplate":"https:\/\/noelfrancon.com\/fr\/?s={search_term_string}"},"query-input":"required name=search_term_string"}],"inLanguage":"fr-FR"},{"@type":["Person","Organization"],"@id":"https:\/\/noelfrancon.com\/fr\/#\/schema\/person\/0ca549284b06159a6af611e7f614f007","name":"NF-Webmaster","image":{"@type":"ImageObject","inLanguage":"fr-FR","@id":"https:\/\/noelfrancon.com\/fr\/#\/schema\/person\/image\/","url":"https:\/\/noelfrancon.com\/wp-content\/uploads\/2023\/01\/High-Res-Fotofabrik_Stuttgart-160505-scaled.jpg","contentUrl":"https:\/\/noelfrancon.com\/wp-content\/uploads\/2023\/01\/High-Res-Fotofabrik_Stuttgart-160505-scaled.jpg","width":1829,"height":2560,"caption":"NF-Webmaster"},"logo":{"@id":"https:\/\/noelfrancon.com\/fr\/#\/schema\/person\/image\/"},"sameAs":["https:\/\/noelfrancon.com"]}]}},"_links":{"self":[{"href":"https:\/\/noelfrancon.com\/fr\/wp-json\/wp\/v2\/pages\/226"}],"collection":[{"href":"https:\/\/noelfrancon.com\/fr\/wp-json\/wp\/v2\/pages"}],"about":[{"href":"https:\/\/noelfrancon.com\/fr\/wp-json\/wp\/v2\/types\/page"}],"author":[{"embeddable":true,"href":"https:\/\/noelfrancon.com\/fr\/wp-json\/wp\/v2\/users\/1"}],"replies":[{"embeddable":true,"href":"https:\/\/noelfrancon.com\/fr\/wp-json\/wp\/v2\/comments?post=226"}],"version-history":[{"count":1,"href":"https:\/\/noelfrancon.com\/fr\/wp-json\/wp\/v2\/pages\/226\/revisions"}],"predecessor-version":[{"id":247,"href":"https:\/\/noelfrancon.com\/fr\/wp-json\/wp\/v2\/pages\/226\/revisions\/247"}],"wp:attachment":[{"href":"https:\/\/noelfrancon.com\/fr\/wp-json\/wp\/v2\/media?parent=226"}],"curies":[{"name":"wp","href":"https:\/\/api.w.org\/{rel}","templated":true}]}}