{"id":224,"date":"2023-02-26T16:10:19","date_gmt":"2023-02-26T16:10:19","guid":{"rendered":"https:\/\/noelfrancon.com\/gestion-denergie-humaine\/"},"modified":"2023-06-09T13:00:58","modified_gmt":"2023-06-09T13:00:58","slug":"gestion-denergie-humaine","status":"publish","type":"page","link":"https:\/\/noelfrancon.com\/fr\/gestion-denergie-humaine\/","title":{"rendered":"Gestion d\u2019\u00e9nergie Humaine"},"content":{"rendered":"<div id=\"pl-224\"  class=\"panel-layout\" ><div id=\"pg-224-0\"  class=\"panel-grid panel-has-style\" ><div style=\"padding: 10px 0; \" data-overlay=\"true\" data-overlay-color=\"#000000\" class=\"panel-row-style panel-row-style-for-224-0\" ><div id=\"pgc-224-0-0\"  class=\"panel-grid-cell\" ><div id=\"panel-224-0-0-0\" class=\"so-panel widget widget_sow-editor panel-first-child panel-last-child\" data-index=\"0\" ><div style=\"text-align: left;\" data-title-color=\"#d4af37\" data-headings-color=\"#d4af37\" class=\"panel-widget-style panel-widget-style-for-224-0-0-0\" ><div\n\t\t\t\n\t\t\tclass=\"so-widget-sow-editor so-widget-sow-editor-base\"\n\t\t\t\n\t\t><h3 class=\"widget-title\">Gestion d\u2019\u00e9nergie Humaine<\/h3>\n<div class=\"siteorigin-widget-tinymce textwidget\">\n\t<p><img decoding=\"async\" loading=\"lazy\" class=\"wp-image-112 size-large aligncenter\" src=\"https:\/\/noelfrancon.com\/wp-content\/uploads\/2023\/03\/woman-g832b370b5_1920-1024x576.jpg\" alt=\"Gestion-d\u2019\u00e9nergie-Humaine-Noel Francon\" width=\"1024\" height=\"576\" srcset=\"https:\/\/noelfrancon.com\/wp-content\/uploads\/2023\/03\/woman-g832b370b5_1920-1024x576.jpg 1024w, https:\/\/noelfrancon.com\/wp-content\/uploads\/2023\/03\/woman-g832b370b5_1920-300x169.jpg 300w, https:\/\/noelfrancon.com\/wp-content\/uploads\/2023\/03\/woman-g832b370b5_1920-768x432.jpg 768w, https:\/\/noelfrancon.com\/wp-content\/uploads\/2023\/03\/woman-g832b370b5_1920-1536x864.jpg 1536w, https:\/\/noelfrancon.com\/wp-content\/uploads\/2023\/03\/woman-g832b370b5_1920-1000x563.jpg 1000w, https:\/\/noelfrancon.com\/wp-content\/uploads\/2023\/03\/woman-g832b370b5_1920-230x129.jpg 230w, https:\/\/noelfrancon.com\/wp-content\/uploads\/2023\/03\/woman-g832b370b5_1920-350x197.jpg 350w, https:\/\/noelfrancon.com\/wp-content\/uploads\/2023\/03\/woman-g832b370b5_1920-480x270.jpg 480w, https:\/\/noelfrancon.com\/wp-content\/uploads\/2023\/03\/woman-g832b370b5_1920.jpg 1920w\" sizes=\"(max-width: 1024px) 100vw, 1024px\" \/><\/p>\n<p>Tu te sens bloqu\u00e9 dans une spirale n\u00e9gative et il te semble difficile d'atteindre tes objectifs?<\/p>\n<p>Peu importe si:<\/p>\n<ul>\n<li>tu n'es pas satisfait dans ton travail<\/li>\n<li>tu te sens incompris dans tes relations<\/li>\n<li>tu as du mal \u00e0 trouver du temps pour le sport et la sant\u00e9<\/li>\n<li>tu as du mal \u00e0 trouver du temps pour tes amis et ta famille<\/li>\n<li>tu as peu d'\u00e9nergie vitale<\/li>\n<li>tu as l'impression d'\u00eatre dans une course de rat<\/li>\n<li>tu as une peur existentielle et une image n\u00e9gative du monde<\/li>\n<li>tu te sens d\u00e9pass\u00e9 par tes diff\u00e9rents r\u00f4les dans la vie<\/li>\n<\/ul>\n<blockquote>\n<p><span style=\"color: #d4af37;\"><em>Tout est li\u00e9 dans ta vie et le monde ext\u00e9rieur est le miroir de ton monde int\u00e9rieur, m\u00eame si beaucoup de choses se passent g\u00e9n\u00e9ralement de mani\u00e8re inconsciente.<\/em><\/span><\/p>\n<\/blockquote>\n<p>Consid\u00e9rer ta vie globalement dans tous ses aspects peut t'aider \u00e0 changer progressivement tes sch\u00e9mas de pens\u00e9e et d'action, \u00e0 hi\u00e9rarchiser tes priorit\u00e9s et \u00e0 d\u00e9velopper la meilleure strat\u00e9gie. Cela te permettra de d\u00e9lier les n\u0153uds les uns des autres dans l'ordre optimal, afin de tourner la spirale n\u00e9gative vers le positif et d'obtenir plus de joie et de l\u00e9g\u00e8ret\u00e9 dans la vie.<\/p>\n<h2><b>Gestion de l'\u00e9nergie humaine<\/b><\/h2>\n<p>Tout est \u00e9nergie, le corps humain aussi. Si tu te sens \u00e9puis\u00e9, vide ou d\u00e9bord\u00e9 pendant une longue p\u00e9riode, c'est souvent d\u00fb \u00e0 un d\u00e9faut de gestion de l'\u00e9nergie humaine.<\/p>\n<p>Comme une maison dont les fen\u00eatres sont ouvertes, qui manque de chaleur et d'a\u00e9ration ou dont le chauffage est inefficace, tu peux gaspiller beaucoup d'\u00e9nergie dans ta vie. Une hygi\u00e8ne corporelle saine, une alimentation, des loisirs comme la danse, les promenades en for\u00eat, le yoga et le sport peuvent certes t'aider \u00e0 te ressourcer. Mais les solutions durables se trouvent souvent ailleurs.<\/p>\n<h3><b>Relations interpersonnelles<\/b><\/h3>\n<p>Les relations toxiques entra\u00eenent une forte perte d'\u00e9nergie.<\/p>\n<p>Apprends \u00e0 communiquer avec ton entourage. Poser des barri\u00e8res et attirer les bonnes personnes peut changer consid\u00e9rablement ta vie. Cela implique \u00e9galement de prendre tes distances de fa\u00e7on pacifique avec certaines personnes. Si tu es empathique ou hypersensible, apprends \u00e0 te prot\u00e9ger \u00e9nerg\u00e9tiquement.<\/p>\n<h3><b>Une activit\u00e9 \u00e9panouissante<\/b><\/h3>\n<p>Une activit\u00e9 qui correspond \u00e0 ta destin\u00e9e et qui est align\u00e9e a tes valeurs te remplit d'\u00e9nergie. Tout le reste te prend de l'\u00e9nergie et tu dois par cons\u00e9quent trouver un \u00e9quilibre dans d'autres domaines.<\/p>\n<h3><b>Une relation saine avec l'argent<\/b><\/h3>\n<p>L'argent est une \u00e9nergie et ta relation avec l'argent est un \u00e9l\u00e9ment essentiel de ta vie. Tant que nous vivons dans un syst\u00e8me capitaliste, o\u00f9 l'argent est encore n\u00e9cessaire pour assurer ses besoins de base, il est pr\u00e9f\u00e9rable de ma\u00eetriser l'argent plut\u00f4t que de se laisser dominer par lui. Plus que la quantit\u00e9 que tu poss\u00e8des ou que tu gagnes, c'est la <a href=\"https:\/\/noelfrancon.com\/fr\/largent-heureux\/\">qualit\u00e9 de ton argent<\/a> et le fait qu'il t'aide ou non \u00e0 obtenir plus d'espace pour ta libert\u00e9 int\u00e9rieure. D\u00e9velopper un minimalisme sain peut par exemple t'aider \u00e0 \u00eatre plus heureux.<\/p>\n<h3><b>La connexion ta conscience sup\u00e9rieur et \u00e0 la source divine<\/b><\/h3>\n<p>La meilleure source d'\u00e9nergie est la source divine, in\u00e9puisable, avec laquelle chaque \u00eatre humain est en liens et de partout. Apprends \u00e0 entrer en connexion avec elle et \u00e0 \u00eatre en relation avec la terre et le ciel. Renforcer ton pouvoir cr\u00e9ateur et ta confiance en la guidance divine augmente fortement ton \u00e9nergie et te permet de t'apporter l'abondance ainsi que de servir ton entourage.<\/p>\n<\/div>\n<\/div><\/div><\/div><\/div><\/div><\/div><\/div>","protected":false},"excerpt":{"rendered":"<p>Tu te sens bloqu\u00e9 dans une spirale n\u00e9gative et il te semble difficile d&rsquo;atteindre tes objectifs? Peu importe si: tu n&rsquo;es pas [&hellip;]<\/p>\n","protected":false},"author":1,"featured_media":0,"parent":0,"menu_order":0,"comment_status":"closed","ping_status":"closed","template":"page-templates\/page_fullwidth.php","meta":{"footnotes":""},"yoast_head":"<!-- This site is optimized with the Yoast SEO plugin v22.6 - https:\/\/yoast.com\/wordpress\/plugins\/seo\/ -->\n<title>Gestion d\u2019\u00e9nergie Humaine - No\u00ebl Fran\u00e7on<\/title>\n<meta name=\"robots\" content=\"index, follow, max-snippet:-1, max-image-preview:large, max-video-preview:-1\" \/>\n<link rel=\"canonical\" href=\"https:\/\/noelfrancon.com\/fr\/gestion-denergie-humaine\/\" \/>\n<meta property=\"og:locale\" content=\"fr_FR\" \/>\n<meta property=\"og:type\" content=\"article\" \/>\n<meta property=\"og:title\" content=\"Gestion d\u2019\u00e9nergie Humaine - No\u00ebl Fran\u00e7on\" \/>\n<meta property=\"og:description\" content=\"Tu te sens bloqu\u00e9 dans une spirale n\u00e9gative et il te semble difficile d&#039;atteindre tes objectifs? Peu importe si: tu n&#039;es pas [&hellip;]\" \/>\n<meta property=\"og:url\" content=\"https:\/\/noelfrancon.com\/fr\/gestion-denergie-humaine\/\" \/>\n<meta property=\"og:site_name\" content=\"No\u00ebl Fran\u00e7on\" \/>\n<meta property=\"article:modified_time\" content=\"2023-06-09T13:00:58+00:00\" \/>\n<meta name=\"twitter:card\" content=\"summary_large_image\" \/>\n<script type=\"application\/ld+json\" class=\"yoast-schema-graph\">{\"@context\":\"https:\/\/schema.org\",\"@graph\":[{\"@type\":\"WebPage\",\"@id\":\"https:\/\/noelfrancon.com\/fr\/gestion-denergie-humaine\/\",\"url\":\"https:\/\/noelfrancon.com\/fr\/gestion-denergie-humaine\/\",\"name\":\"Gestion d\u2019\u00e9nergie Humaine - No\u00ebl Fran\u00e7on\",\"isPartOf\":{\"@id\":\"https:\/\/noelfrancon.com\/fr\/#website\"},\"datePublished\":\"2023-02-26T16:10:19+00:00\",\"dateModified\":\"2023-06-09T13:00:58+00:00\",\"breadcrumb\":{\"@id\":\"https:\/\/noelfrancon.com\/fr\/gestion-denergie-humaine\/#breadcrumb\"},\"inLanguage\":\"fr-FR\",\"potentialAction\":[{\"@type\":\"ReadAction\",\"target\":[\"https:\/\/noelfrancon.com\/fr\/gestion-denergie-humaine\/\"]}]},{\"@type\":\"BreadcrumbList\",\"@id\":\"https:\/\/noelfrancon.com\/fr\/gestion-denergie-humaine\/#breadcrumb\",\"itemListElement\":[{\"@type\":\"ListItem\",\"position\":1,\"name\":\"Page d'accueil\",\"item\":\"https:\/\/noelfrancon.com\/fr\/\"},{\"@type\":\"ListItem\",\"position\":2,\"name\":\"Gestion d\u2019\u00e9nergie Humaine\"}]},{\"@type\":\"WebSite\",\"@id\":\"https:\/\/noelfrancon.com\/fr\/#website\",\"url\":\"https:\/\/noelfrancon.com\/fr\/\",\"name\":\"No\u00ebl Fran\u00e7on\",\"description\":\"Investisseur du nouveau monde\\n\",\"publisher\":{\"@id\":\"https:\/\/noelfrancon.com\/fr\/#\/schema\/person\/0ca549284b06159a6af611e7f614f007\"},\"potentialAction\":[{\"@type\":\"SearchAction\",\"target\":{\"@type\":\"EntryPoint\",\"urlTemplate\":\"https:\/\/noelfrancon.com\/fr\/?s={search_term_string}\"},\"query-input\":\"required name=search_term_string\"}],\"inLanguage\":\"fr-FR\"},{\"@type\":[\"Person\",\"Organization\"],\"@id\":\"https:\/\/noelfrancon.com\/fr\/#\/schema\/person\/0ca549284b06159a6af611e7f614f007\",\"name\":\"NF-Webmaster\",\"image\":{\"@type\":\"ImageObject\",\"inLanguage\":\"fr-FR\",\"@id\":\"https:\/\/noelfrancon.com\/fr\/#\/schema\/person\/image\/\",\"url\":\"https:\/\/noelfrancon.com\/wp-content\/uploads\/2023\/01\/High-Res-Fotofabrik_Stuttgart-160505-scaled.jpg\",\"contentUrl\":\"https:\/\/noelfrancon.com\/wp-content\/uploads\/2023\/01\/High-Res-Fotofabrik_Stuttgart-160505-scaled.jpg\",\"width\":1829,\"height\":2560,\"caption\":\"NF-Webmaster\"},\"logo\":{\"@id\":\"https:\/\/noelfrancon.com\/fr\/#\/schema\/person\/image\/\"},\"sameAs\":[\"https:\/\/noelfrancon.com\"]}]}<\/script>\n<!-- \/ Yoast SEO plugin. -->","yoast_head_json":{"title":"Gestion d\u2019\u00e9nergie Humaine - No\u00ebl Fran\u00e7on","robots":{"index":"index","follow":"follow","max-snippet":"max-snippet:-1","max-image-preview":"max-image-preview:large","max-video-preview":"max-video-preview:-1"},"canonical":"https:\/\/noelfrancon.com\/fr\/gestion-denergie-humaine\/","og_locale":"fr_FR","og_type":"article","og_title":"Gestion d\u2019\u00e9nergie Humaine - No\u00ebl Fran\u00e7on","og_description":"Tu te sens bloqu\u00e9 dans une spirale n\u00e9gative et il te semble difficile d'atteindre tes objectifs? Peu importe si: tu n'es pas [&hellip;]","og_url":"https:\/\/noelfrancon.com\/fr\/gestion-denergie-humaine\/","og_site_name":"No\u00ebl Fran\u00e7on","article_modified_time":"2023-06-09T13:00:58+00:00","twitter_card":"summary_large_image","schema":{"@context":"https:\/\/schema.org","@graph":[{"@type":"WebPage","@id":"https:\/\/noelfrancon.com\/fr\/gestion-denergie-humaine\/","url":"https:\/\/noelfrancon.com\/fr\/gestion-denergie-humaine\/","name":"Gestion d\u2019\u00e9nergie Humaine - No\u00ebl Fran\u00e7on","isPartOf":{"@id":"https:\/\/noelfrancon.com\/fr\/#website"},"datePublished":"2023-02-26T16:10:19+00:00","dateModified":"2023-06-09T13:00:58+00:00","breadcrumb":{"@id":"https:\/\/noelfrancon.com\/fr\/gestion-denergie-humaine\/#breadcrumb"},"inLanguage":"fr-FR","potentialAction":[{"@type":"ReadAction","target":["https:\/\/noelfrancon.com\/fr\/gestion-denergie-humaine\/"]}]},{"@type":"BreadcrumbList","@id":"https:\/\/noelfrancon.com\/fr\/gestion-denergie-humaine\/#breadcrumb","itemListElement":[{"@type":"ListItem","position":1,"name":"Page d'accueil","item":"https:\/\/noelfrancon.com\/fr\/"},{"@type":"ListItem","position":2,"name":"Gestion d\u2019\u00e9nergie Humaine"}]},{"@type":"WebSite","@id":"https:\/\/noelfrancon.com\/fr\/#website","url":"https:\/\/noelfrancon.com\/fr\/","name":"No\u00ebl Fran\u00e7on","description":"Investisseur du nouveau monde\n","publisher":{"@id":"https:\/\/noelfrancon.com\/fr\/#\/schema\/person\/0ca549284b06159a6af611e7f614f007"},"potentialAction":[{"@type":"SearchAction","target":{"@type":"EntryPoint","urlTemplate":"https:\/\/noelfrancon.com\/fr\/?s={search_term_string}"},"query-input":"required name=search_term_string"}],"inLanguage":"fr-FR"},{"@type":["Person","Organization"],"@id":"https:\/\/noelfrancon.com\/fr\/#\/schema\/person\/0ca549284b06159a6af611e7f614f007","name":"NF-Webmaster","image":{"@type":"ImageObject","inLanguage":"fr-FR","@id":"https:\/\/noelfrancon.com\/fr\/#\/schema\/person\/image\/","url":"https:\/\/noelfrancon.com\/wp-content\/uploads\/2023\/01\/High-Res-Fotofabrik_Stuttgart-160505-scaled.jpg","contentUrl":"https:\/\/noelfrancon.com\/wp-content\/uploads\/2023\/01\/High-Res-Fotofabrik_Stuttgart-160505-scaled.jpg","width":1829,"height":2560,"caption":"NF-Webmaster"},"logo":{"@id":"https:\/\/noelfrancon.com\/fr\/#\/schema\/person\/image\/"},"sameAs":["https:\/\/noelfrancon.com"]}]}},"_links":{"self":[{"href":"https:\/\/noelfrancon.com\/fr\/wp-json\/wp\/v2\/pages\/224"}],"collection":[{"href":"https:\/\/noelfrancon.com\/fr\/wp-json\/wp\/v2\/pages"}],"about":[{"href":"https:\/\/noelfrancon.com\/fr\/wp-json\/wp\/v2\/types\/page"}],"author":[{"embeddable":true,"href":"https:\/\/noelfrancon.com\/fr\/wp-json\/wp\/v2\/users\/1"}],"replies":[{"embeddable":true,"href":"https:\/\/noelfrancon.com\/fr\/wp-json\/wp\/v2\/comments?post=224"}],"version-history":[{"count":1,"href":"https:\/\/noelfrancon.com\/fr\/wp-json\/wp\/v2\/pages\/224\/revisions"}],"predecessor-version":[{"id":244,"href":"https:\/\/noelfrancon.com\/fr\/wp-json\/wp\/v2\/pages\/224\/revisions\/244"}],"wp:attachment":[{"href":"https:\/\/noelfrancon.com\/fr\/wp-json\/wp\/v2\/media?parent=224"}],"curies":[{"name":"wp","href":"https:\/\/api.w.org\/{rel}","templated":true}]}}