{"id":221,"date":"2023-01-24T18:02:21","date_gmt":"2023-01-24T18:02:21","guid":{"rendered":"https:\/\/noelfrancon.com\/accueil\/"},"modified":"2023-06-14T09:17:21","modified_gmt":"2023-06-14T09:17:21","slug":"accueil","status":"publish","type":"page","link":"https:\/\/noelfrancon.com\/fr\/","title":{"rendered":"Accueil"},"content":{"rendered":"<div id=\"pl-221\"  class=\"panel-layout\" ><div id=\"pg-221-0\"  class=\"panel-grid panel-has-style\" ><div style=\"padding: 10px 0; \" data-overlay=\"true\" data-overlay-color=\"#000000\" class=\"panel-row-style panel-row-style-for-221-0\" ><div id=\"pgc-221-0-0\"  class=\"panel-grid-cell\" ><div id=\"panel-221-0-0-0\" class=\"so-panel widget widget_sow-editor panel-first-child panel-last-child\" data-index=\"0\" ><div style=\"text-align: left;\" data-title-color=\"#d4af37\" data-headings-color=\"#443f3f\" class=\"panel-widget-style panel-widget-style-for-221-0-0-0\" ><div\n\t\t\t\n\t\t\tclass=\"so-widget-sow-editor so-widget-sow-editor-base\"\n\t\t\t\n\t\t><h3 class=\"widget-title\">Bienvenue \u00e0 tous<\/h3>\n<div class=\"siteorigin-widget-tinymce textwidget\">\n\t<p>Je suis heureux que tu aies trouv\u00e9 ce site!<\/p>\n<p>Le nouveau monde arrive, une r\u00e9action en cha\u00eene d'\u00e9veil a commenc\u00e9 et de plus en plus de personnes se d\u00e9cident pour l'amour et la v\u00e9rit\u00e9. Ils sont de plus en plus nombreux \u00e0 \u00eatre pr\u00eats \u00e0 vivre leur destin centr\u00e9 sur le c\u0153ur.<\/p>\n<p>Une chose est claire pour moi : la premi\u00e8re t\u00e2che de chacun est de travailler lui-m\u00eame \u00e0 sa lib\u00e9ration int\u00e9rieure, de dissoudre ses blocages conscients et inconscients et de retrouver son authenticit\u00e9. L'\u00e2ge d'or na\u00eetra si nous l'incarnons et le vivons jusqu'\u00e0 ce qu'une certaine masse critique soit atteinte dans la conscience collective.<\/p>\n<p>Le syst\u00e8me \u00e9conomique mondial changera en cons\u00e9quence.<\/p>\n<\/div>\n<\/div><\/div><\/div><\/div><\/div><\/div><div id=\"pg-221-1\"  class=\"panel-grid panel-has-style\" ><div class=\"siteorigin-panels-stretch panel-row-style panel-row-style-for-221-1\" style=\"background-image: url(https:\/\/noelfrancon.com\/wp-content\/uploads\/2023\/01\/faith-g06c81dd16_1920.jpg);padding: 20px 0; \" data-stretch-type=\"full\" data-hasbg=\"hasbg\" data-overlay-color=\"#000000\" ><div id=\"pgc-221-1-0\"  class=\"panel-grid-cell\" ><div id=\"panel-221-1-0-0\" class=\"so-panel widget widget_sow-editor panel-first-child panel-last-child\" data-index=\"1\" ><div style=\"text-align: left;\" data-title-color=\"#d4af37\" data-headings-color=\"#2b1896\" class=\"panel-widget-style panel-widget-style-for-221-1-0-0\" ><div\n\t\t\t\n\t\t\tclass=\"so-widget-sow-editor so-widget-sow-editor-base\"\n\t\t\t\n\t\t>\n<div class=\"siteorigin-widget-tinymce textwidget\">\n\t<blockquote>\n<h3 lang=\"de\"><\/h3>\n<\/blockquote>\n<h3 lang=\"de\"><\/h3>\n<p>&nbsp;<\/p>\n<h3 lang=\"de\"><\/h3>\n<h3 lang=\"de\"><strong>Quelle est la place de l'argent et du travail dans la construction du nouvel \u00e2ge?<\/strong><\/h3>\n<h3 lang=\"de\"><strong>Comment puis-je m'orienter professionnellement et assurer financi\u00e8rement mon existence de mani\u00e8re \u00e0 cr\u00e9er du sens ainsi que des affaires rentables et symbiotiques, et tout cela dans la joie et la l\u00e9g\u00e8ret\u00e9?<\/strong><\/h3>\n<h3 lang=\"de\"><strong>Comment puis-je g\u00e9rer au mieux mon argent afin qu'il me soutienne, ainsi que l'humanit\u00e9, sur le chemin de la libert\u00e9 int\u00e9rieure?<\/strong><\/h3>\n<p>&nbsp;<\/p>\n<p>&nbsp;<\/p>\n<p>&nbsp;<\/p>\n<p>&nbsp;<\/p>\n<p lang=\"de\">\n<\/div>\n<\/div><\/div><\/div><\/div><\/div><\/div><div id=\"pg-221-2\"  class=\"panel-grid panel-has-style\" ><div style=\"padding: 0px 0; \" data-overlay=\"true\" data-overlay-color=\"#000000\" class=\"panel-row-style panel-row-style-for-221-2\" ><div id=\"pgc-221-2-0\"  class=\"panel-grid-cell\" ><div id=\"panel-221-2-0-0\" class=\"so-panel widget widget_sow-editor panel-first-child panel-last-child\" data-index=\"2\" ><div style=\"text-align: left;\" data-title-color=\"#d4af37\" data-headings-color=\"#443f3f\" class=\"panel-widget-style panel-widget-style-for-221-2-0-0\" ><div\n\t\t\t\n\t\t\tclass=\"so-widget-sow-editor so-widget-sow-editor-base\"\n\t\t\t\n\t\t><h3 class=\"widget-title\">No\u00ebl Fran\u00e7on - Investisseur du nouveau monde<\/h3>\n<div class=\"siteorigin-widget-tinymce textwidget\">\n\t<p lang=\"de\"><img decoding=\"async\" loading=\"lazy\" class=\"alignleft wp-image-28\" src=\"https:\/\/noelfrancon.com\/wp-content\/uploads\/2023\/01\/High-Res-Fotofabrik_Stuttgart-160505-731x1024.jpg\" alt=\"\" width=\"400\" height=\"560\" srcset=\"https:\/\/noelfrancon.com\/wp-content\/uploads\/2023\/01\/High-Res-Fotofabrik_Stuttgart-160505-731x1024.jpg 731w, https:\/\/noelfrancon.com\/wp-content\/uploads\/2023\/01\/High-Res-Fotofabrik_Stuttgart-160505-214x300.jpg 214w, https:\/\/noelfrancon.com\/wp-content\/uploads\/2023\/01\/High-Res-Fotofabrik_Stuttgart-160505-768x1075.jpg 768w, https:\/\/noelfrancon.com\/wp-content\/uploads\/2023\/01\/High-Res-Fotofabrik_Stuttgart-160505-1097x1536.jpg 1097w, https:\/\/noelfrancon.com\/wp-content\/uploads\/2023\/01\/High-Res-Fotofabrik_Stuttgart-160505-1463x2048.jpg 1463w, https:\/\/noelfrancon.com\/wp-content\/uploads\/2023\/01\/High-Res-Fotofabrik_Stuttgart-160505-1000x1400.jpg 1000w, https:\/\/noelfrancon.com\/wp-content\/uploads\/2023\/01\/High-Res-Fotofabrik_Stuttgart-160505-230x322.jpg 230w, https:\/\/noelfrancon.com\/wp-content\/uploads\/2023\/01\/High-Res-Fotofabrik_Stuttgart-160505-350x490.jpg 350w, https:\/\/noelfrancon.com\/wp-content\/uploads\/2023\/01\/High-Res-Fotofabrik_Stuttgart-160505-480x672.jpg 480w, https:\/\/noelfrancon.com\/wp-content\/uploads\/2023\/01\/High-Res-Fotofabrik_Stuttgart-160505-scaled.jpg 1829w\" sizes=\"(max-width: 400px) 100vw, 400px\" \/>Je m'appelle No\u00ebl Fran\u00e7on, je me pose moi-m\u00eame ces questions et je partage avec toi mon message et mon exp\u00e9rience sur ce chemin.<\/p>\n<p>En tant qu'investisseur des temps nouveaux, je souhaite soutenir des projets qui contribuent \u00e0 l'\u00e9mergence d'une nouvelle mani\u00e8re de vivre, d'un nouvel \u00e9tat d'esprit, d'un nouveau monde. Dans ce contexte, la question suivante est importante pour moi:<span class=\"Apple-converted-space\"> <\/span><\/p>\n<p>Le projet et les personnes impliqu\u00e9es sont-ils en phase avec la nouvelle conscience, c'est-\u00e0-dire agissent-ils par amour?<\/p>\n<p>Le rapport \u00e0 l'argent joue \u00e9galement un r\u00f4le important. L'argent est une \u00e9nergie et il est donc essentiel que nous lui associons une image positive.<\/p>\n<h4><a href=\"https:\/\/noelfrancon.com\/fr\/largent-heureux\/\">En savoir plus sur l'argent heureux<\/a><\/h4>\n<h4 lang=\"de\"><a href=\"https:\/\/noelfrancon.com\/fr\/biographie\/\">En savoir plus sur moi<\/a><\/h4>\n<p>&nbsp;<\/p>\n<p>&nbsp;<\/p>\n<p>&nbsp;<\/p>\n<p>&nbsp;<\/p>\n<p>&nbsp;<\/p>\n<\/div>\n<\/div><\/div><\/div><\/div><\/div><\/div><\/div>","protected":false},"excerpt":{"rendered":"<p>Je suis heureux que tu aies trouv\u00e9 ce site! Le nouveau monde arrive, une r\u00e9action en cha\u00eene d&rsquo;\u00e9veil a commenc\u00e9 et de [&hellip;]<\/p>\n","protected":false},"author":1,"featured_media":0,"parent":0,"menu_order":0,"comment_status":"closed","ping_status":"closed","template":"page-templates\/page_front-page.php","meta":{"footnotes":""},"yoast_head":"<!-- This site is optimized with the Yoast SEO plugin v22.6 - https:\/\/yoast.com\/wordpress\/plugins\/seo\/ -->\n<title>Accueil - No\u00ebl Fran\u00e7on<\/title>\n<meta name=\"robots\" content=\"index, follow, max-snippet:-1, max-image-preview:large, max-video-preview:-1\" \/>\n<link rel=\"canonical\" href=\"https:\/\/noelfrancon.com\/fr\/\" \/>\n<meta property=\"og:locale\" content=\"fr_FR\" \/>\n<meta property=\"og:type\" content=\"article\" \/>\n<meta property=\"og:title\" content=\"Accueil - No\u00ebl Fran\u00e7on\" \/>\n<meta property=\"og:description\" content=\"Je suis heureux que tu aies trouv\u00e9 ce site! Le nouveau monde arrive, une r\u00e9action en cha\u00eene d&#039;\u00e9veil a commenc\u00e9 et de [&hellip;]\" \/>\n<meta property=\"og:url\" content=\"https:\/\/noelfrancon.com\/fr\/\" \/>\n<meta property=\"og:site_name\" content=\"No\u00ebl Fran\u00e7on\" \/>\n<meta property=\"article:modified_time\" content=\"2023-06-14T09:17:21+00:00\" \/>\n<meta name=\"twitter:card\" content=\"summary_large_image\" \/>\n<script type=\"application\/ld+json\" class=\"yoast-schema-graph\">{\"@context\":\"https:\/\/schema.org\",\"@graph\":[{\"@type\":\"WebPage\",\"@id\":\"https:\/\/noelfrancon.com\/fr\/\",\"url\":\"https:\/\/noelfrancon.com\/fr\/\",\"name\":\"Accueil - No\u00ebl Fran\u00e7on\",\"isPartOf\":{\"@id\":\"https:\/\/noelfrancon.com\/fr\/#website\"},\"datePublished\":\"2023-01-24T18:02:21+00:00\",\"dateModified\":\"2023-06-14T09:17:21+00:00\",\"breadcrumb\":{\"@id\":\"https:\/\/noelfrancon.com\/fr\/#breadcrumb\"},\"inLanguage\":\"fr-FR\",\"potentialAction\":[{\"@type\":\"ReadAction\",\"target\":[\"https:\/\/noelfrancon.com\/fr\/\"]}]},{\"@type\":\"BreadcrumbList\",\"@id\":\"https:\/\/noelfrancon.com\/fr\/#breadcrumb\",\"itemListElement\":[{\"@type\":\"ListItem\",\"position\":1,\"name\":\"Page d'accueil\",\"item\":\"https:\/\/noelfrancon.com\/fr\/\"},{\"@type\":\"ListItem\",\"position\":2,\"name\":\"Accueil\"}]},{\"@type\":\"WebSite\",\"@id\":\"https:\/\/noelfrancon.com\/fr\/#website\",\"url\":\"https:\/\/noelfrancon.com\/fr\/\",\"name\":\"No\u00ebl Fran\u00e7on\",\"description\":\"Investisseur du nouveau monde\\n\",\"publisher\":{\"@id\":\"https:\/\/noelfrancon.com\/fr\/#\/schema\/person\/0ca549284b06159a6af611e7f614f007\"},\"potentialAction\":[{\"@type\":\"SearchAction\",\"target\":{\"@type\":\"EntryPoint\",\"urlTemplate\":\"https:\/\/noelfrancon.com\/fr\/?s={search_term_string}\"},\"query-input\":\"required name=search_term_string\"}],\"inLanguage\":\"fr-FR\"},{\"@type\":[\"Person\",\"Organization\"],\"@id\":\"https:\/\/noelfrancon.com\/fr\/#\/schema\/person\/0ca549284b06159a6af611e7f614f007\",\"name\":\"NF-Webmaster\",\"image\":{\"@type\":\"ImageObject\",\"inLanguage\":\"fr-FR\",\"@id\":\"https:\/\/noelfrancon.com\/fr\/#\/schema\/person\/image\/\",\"url\":\"https:\/\/noelfrancon.com\/wp-content\/uploads\/2023\/01\/High-Res-Fotofabrik_Stuttgart-160505-scaled.jpg\",\"contentUrl\":\"https:\/\/noelfrancon.com\/wp-content\/uploads\/2023\/01\/High-Res-Fotofabrik_Stuttgart-160505-scaled.jpg\",\"width\":1829,\"height\":2560,\"caption\":\"NF-Webmaster\"},\"logo\":{\"@id\":\"https:\/\/noelfrancon.com\/fr\/#\/schema\/person\/image\/\"},\"sameAs\":[\"https:\/\/noelfrancon.com\"]}]}<\/script>\n<!-- \/ Yoast SEO plugin. -->","yoast_head_json":{"title":"Accueil - No\u00ebl Fran\u00e7on","robots":{"index":"index","follow":"follow","max-snippet":"max-snippet:-1","max-image-preview":"max-image-preview:large","max-video-preview":"max-video-preview:-1"},"canonical":"https:\/\/noelfrancon.com\/fr\/","og_locale":"fr_FR","og_type":"article","og_title":"Accueil - No\u00ebl Fran\u00e7on","og_description":"Je suis heureux que tu aies trouv\u00e9 ce site! Le nouveau monde arrive, une r\u00e9action en cha\u00eene d'\u00e9veil a commenc\u00e9 et de [&hellip;]","og_url":"https:\/\/noelfrancon.com\/fr\/","og_site_name":"No\u00ebl Fran\u00e7on","article_modified_time":"2023-06-14T09:17:21+00:00","twitter_card":"summary_large_image","schema":{"@context":"https:\/\/schema.org","@graph":[{"@type":"WebPage","@id":"https:\/\/noelfrancon.com\/fr\/","url":"https:\/\/noelfrancon.com\/fr\/","name":"Accueil - No\u00ebl Fran\u00e7on","isPartOf":{"@id":"https:\/\/noelfrancon.com\/fr\/#website"},"datePublished":"2023-01-24T18:02:21+00:00","dateModified":"2023-06-14T09:17:21+00:00","breadcrumb":{"@id":"https:\/\/noelfrancon.com\/fr\/#breadcrumb"},"inLanguage":"fr-FR","potentialAction":[{"@type":"ReadAction","target":["https:\/\/noelfrancon.com\/fr\/"]}]},{"@type":"BreadcrumbList","@id":"https:\/\/noelfrancon.com\/fr\/#breadcrumb","itemListElement":[{"@type":"ListItem","position":1,"name":"Page d'accueil","item":"https:\/\/noelfrancon.com\/fr\/"},{"@type":"ListItem","position":2,"name":"Accueil"}]},{"@type":"WebSite","@id":"https:\/\/noelfrancon.com\/fr\/#website","url":"https:\/\/noelfrancon.com\/fr\/","name":"No\u00ebl Fran\u00e7on","description":"Investisseur du nouveau monde\n","publisher":{"@id":"https:\/\/noelfrancon.com\/fr\/#\/schema\/person\/0ca549284b06159a6af611e7f614f007"},"potentialAction":[{"@type":"SearchAction","target":{"@type":"EntryPoint","urlTemplate":"https:\/\/noelfrancon.com\/fr\/?s={search_term_string}"},"query-input":"required name=search_term_string"}],"inLanguage":"fr-FR"},{"@type":["Person","Organization"],"@id":"https:\/\/noelfrancon.com\/fr\/#\/schema\/person\/0ca549284b06159a6af611e7f614f007","name":"NF-Webmaster","image":{"@type":"ImageObject","inLanguage":"fr-FR","@id":"https:\/\/noelfrancon.com\/fr\/#\/schema\/person\/image\/","url":"https:\/\/noelfrancon.com\/wp-content\/uploads\/2023\/01\/High-Res-Fotofabrik_Stuttgart-160505-scaled.jpg","contentUrl":"https:\/\/noelfrancon.com\/wp-content\/uploads\/2023\/01\/High-Res-Fotofabrik_Stuttgart-160505-scaled.jpg","width":1829,"height":2560,"caption":"NF-Webmaster"},"logo":{"@id":"https:\/\/noelfrancon.com\/fr\/#\/schema\/person\/image\/"},"sameAs":["https:\/\/noelfrancon.com"]}]}},"_links":{"self":[{"href":"https:\/\/noelfrancon.com\/fr\/wp-json\/wp\/v2\/pages\/221"}],"collection":[{"href":"https:\/\/noelfrancon.com\/fr\/wp-json\/wp\/v2\/pages"}],"about":[{"href":"https:\/\/noelfrancon.com\/fr\/wp-json\/wp\/v2\/types\/page"}],"author":[{"embeddable":true,"href":"https:\/\/noelfrancon.com\/fr\/wp-json\/wp\/v2\/users\/1"}],"replies":[{"embeddable":true,"href":"https:\/\/noelfrancon.com\/fr\/wp-json\/wp\/v2\/comments?post=221"}],"version-history":[{"count":1,"href":"https:\/\/noelfrancon.com\/fr\/wp-json\/wp\/v2\/pages\/221\/revisions"}],"predecessor-version":[{"id":223,"href":"https:\/\/noelfrancon.com\/fr\/wp-json\/wp\/v2\/pages\/221\/revisions\/223"}],"wp:attachment":[{"href":"https:\/\/noelfrancon.com\/fr\/wp-json\/wp\/v2\/media?parent=221"}],"curies":[{"name":"wp","href":"https:\/\/api.w.org\/{rel}","templated":true}]}}